{"id":34,"date":"2025-05-25T10:05:49","date_gmt":"2025-05-25T13:05:49","guid":{"rendered":"https:\/\/voser.com.br\/?page_id=34"},"modified":"2025-08-24T08:13:39","modified_gmt":"2025-08-24T11:13:39","slug":"nossos-cursos","status":"publish","type":"page","link":"https:\/\/voser.com.br\/index.php\/nossos-cursos\/","title":{"rendered":"Nossos Cursos"},"content":{"rendered":"\n<p class=\"has-text-align-center\"><\/p>\n\n\n\n<div class=\"wp-block-uagb-container uagb-block-vthcldwq alignfull uagb-is-root-container\"><div class=\"uagb-container-inner-blocks-wrap\">\n<div class=\"wp-block-uagb-info-box uagb-block-d9kjrula uagb-infobox__content-wrap  uagb-infobox-icon-above-title uagb-infobox-image-valign-top\"><div class=\"uagb-ifb-content\"><div class=\"uagb-ifb-title-wrap\"><h2 class=\"uagb-ifb-title\">O melhor para os melhores!<\/h2><\/div><p class=\"uagb-ifb-desc\">Independente do curso, voc\u00ea ver\u00e1 os benef\u00edcios a curto prazo e, com todos os nossos planos e vantagens, voc\u00ea pode escolher o curso e o plano de acordo com a sua necessidade!<\/p><\/div><\/div>\n\n\n\n<div class=\"wp-block-uagb-container uagb-block-fratmumv\">\n<div class=\"wp-block-uagb-container uagb-block-ehi17zgq\">\n<div class=\"wp-block-uagb-image alignleft uagb-block-pd9rgnwp wp-block-uagb-image--layout-default wp-block-uagb-image--effect-static wp-block-uagb-image--align-left\"><figure class=\"wp-block-uagb-image__figure\"><img decoding=\"async\" srcset=\"https:\/\/websitedemos.net\/wp-content\/uploads\/2023\/10\/natures-01-1024x683.jpg ,https:\/\/websitedemos.net\/wp-content\/uploads\/2023\/10\/natures-01-1024x683.jpg 780w\" sizes=\"auto, (max-width: 480px) 150px\" src=\"https:\/\/websitedemos.net\/wp-content\/uploads\/2023\/10\/natures-01-1024x683.jpg\" alt=\"\" class=\"uag-image-80573\" width=\"352\" height=\"260\" title=\"\" loading=\"lazy\" role=\"img\"\/><\/figure><\/div>\n\n\n\n<div class=\"wp-block-uagb-info-box uagb-block-pjv8xslf uagb-infobox__content-wrap  uagb-infobox-icon-above-title uagb-infobox-image-valign-top\"><div class=\"uagb-ifb-content\"><div class=\"uagb-ifb-title-wrap\"><h3 class=\"uagb-ifb-title\">Ingl\u00eas<br><\/h3><\/div><p class=\"uagb-ifb-desc\">Aulas din\u00e2micas de conversa\u00e7\u00e3o para todas as idades (a partir de 5 anos)!<\/p><\/div><\/div>\n\n\n\n<div class=\"wp-block-uagb-buttons uagb-buttons__outer-wrap uagb-btn__default-btn uagb-btn-tablet__default-btn uagb-btn-mobile__default-btn uagb-block-bmo3gu5h\"><div class=\"uagb-buttons__wrap uagb-buttons-layout-wrap \">\n<div class=\"wp-block-uagb-buttons-child uagb-buttons__outer-wrap uagb-block-0eacca64 wp-block-button\"><div class=\"uagb-button__wrapper\"><a class=\"uagb-buttons-repeater wp-block-button__link\" aria-label=\"\" href=\"https:\/\/voser.com.br\/index.php\/ingles\/\" rel=\"follow noopener\" target=\"_self\" role=\"button\"><div class=\"uagb-button__link\">Saiba mais!<\/div><\/a><\/div><\/div>\n<\/div><\/div>\n<\/div>\n\n\n\n<div class=\"wp-block-uagb-container uagb-block-eoqqaifk\">\n<div class=\"wp-block-uagb-image alignleft uagb-block-blnpnnnl wp-block-uagb-image--layout-default wp-block-uagb-image--effect-static wp-block-uagb-image--align-left\"><figure class=\"wp-block-uagb-image__figure\"><img decoding=\"async\" srcset=\"https:\/\/websitedemos.net\/wp-content\/uploads\/2023\/10\/desserts-01-1024x683.jpg ,https:\/\/websitedemos.net\/wp-content\/uploads\/2023\/10\/desserts-01-1024x683.jpg 780w\" sizes=\"auto, (max-width: 480px) 150px\" src=\"https:\/\/websitedemos.net\/wp-content\/uploads\/2023\/10\/desserts-01-1024x683.jpg\" alt=\"\" class=\"uag-image-80569\" width=\"352\" height=\"260\" title=\"\" loading=\"lazy\" role=\"img\"\/><\/figure><\/div>\n\n\n\n<div class=\"wp-block-uagb-info-box uagb-block-dgwypn4q uagb-infobox__content-wrap  uagb-infobox-icon-above-title uagb-infobox-image-valign-top\"><div class=\"uagb-ifb-content\"><div class=\"uagb-ifb-title-wrap\"><h3 class=\"uagb-ifb-title\">Inform\u00e1tica e Tecnologia<\/h3><\/div><p class=\"uagb-ifb-desc\">Aulas pr\u00e1ticas para todas as idades (a partir de 7 anos)!<\/p><\/div><\/div>\n\n\n\n<div class=\"wp-block-uagb-buttons uagb-buttons__outer-wrap uagb-btn__default-btn uagb-btn-tablet__default-btn uagb-btn-mobile__default-btn uagb-block-ql8nxveh\"><div class=\"uagb-buttons__wrap uagb-buttons-layout-wrap \">\n<div class=\"wp-block-uagb-buttons-child uagb-buttons__outer-wrap uagb-block-5379ce1c wp-block-button\"><div class=\"uagb-button__wrapper\"><a class=\"uagb-buttons-repeater wp-block-button__link\" aria-label=\"\" href=\"https:\/\/voser.com.br\/index.php\/informatica\/\" rel=\"follow noopener\" target=\"_self\" role=\"button\"><div class=\"uagb-button__link\">Saiba mais!<\/div><\/a><\/div><\/div>\n<\/div><\/div>\n<\/div>\n\n\n\n<div class=\"wp-block-uagb-container uagb-block-l0n65egr\">\n<div class=\"wp-block-uagb-image alignleft uagb-block-sxhs0f6f wp-block-uagb-image--layout-default wp-block-uagb-image--effect-static wp-block-uagb-image--align-left\"><figure class=\"wp-block-uagb-image__figure\"><img decoding=\"async\" srcset=\"https:\/\/websitedemos.net\/wp-content\/uploads\/2023\/10\/snow-mountains-01-1024x683.jpg ,https:\/\/websitedemos.net\/wp-content\/uploads\/2023\/10\/snow-mountains-01-1024x683.jpg 780w\" sizes=\"auto, (max-width: 480px) 150px\" src=\"https:\/\/websitedemos.net\/wp-content\/uploads\/2023\/10\/snow-mountains-01-1024x683.jpg\" alt=\"\" class=\"uag-image-80577\" width=\"352\" height=\"260\" title=\"\" loading=\"lazy\" role=\"img\"\/><\/figure><\/div>\n\n\n\n<div class=\"wp-block-uagb-info-box uagb-block-l3teuxeo uagb-infobox__content-wrap  uagb-infobox-icon-above-title uagb-infobox-image-valign-top\"><div class=\"uagb-ifb-content\"><div class=\"uagb-ifb-title-wrap\"><h3 class=\"uagb-ifb-title\">Espanhol<br><\/h3><\/div><p class=\"uagb-ifb-desc\">Aulas de conversa\u00e7\u00e3o, para um aprendizado r\u00e1pido e eficiente!<\/p><\/div><\/div>\n\n\n\n<div class=\"wp-block-uagb-buttons uagb-buttons__outer-wrap uagb-btn__default-btn uagb-btn-tablet__default-btn uagb-btn-mobile__default-btn uagb-block-ouo7prg9\"><div class=\"uagb-buttons__wrap uagb-buttons-layout-wrap \">\n<div class=\"wp-block-uagb-buttons-child uagb-buttons__outer-wrap uagb-block-7b033943 wp-block-button\"><div class=\"uagb-button__wrapper\"><a class=\"uagb-buttons-repeater wp-block-button__link\" aria-label=\"\" href=\"https:\/\/voser.com.br\/index.php\/espanhol\/\" rel=\"follow noopener\" target=\"_self\" role=\"button\"><div class=\"uagb-button__link\">Saiba mais!<\/div><\/a><\/div><\/div>\n<\/div><\/div>\n<\/div>\n<\/div>\n<\/div><\/div>\n\n\n\n<div class=\"wp-block-uagb-container uagb-block-eec88d54 alignfull uagb-is-root-container\"><div class=\"uagb-container-inner-blocks-wrap\">\n<div class=\"wp-block-uagb-container uagb-block-5f19fa58\">\n<div class=\"wp-block-uagb-container uagb-block-f5e0442d\">\n<div class=\"wp-block-uagb-image alignleft uagb-block-40d2c354 wp-block-uagb-image--layout-default wp-block-uagb-image--effect-static wp-block-uagb-image--align-left\"><figure class=\"wp-block-uagb-image__figure\"><img decoding=\"async\" srcset=\"https:\/\/websitedemos.net\/wp-content\/uploads\/2023\/10\/natures-01-1024x683.jpg ,https:\/\/websitedemos.net\/wp-content\/uploads\/2023\/10\/natures-01-1024x683.jpg 780w\" sizes=\"auto, (max-width: 480px) 150px\" src=\"https:\/\/websitedemos.net\/wp-content\/uploads\/2023\/10\/natures-01-1024x683.jpg\" alt=\"\" class=\"uag-image-80573\" width=\"352\" height=\"260\" title=\"\" loading=\"lazy\" role=\"img\"\/><\/figure><\/div>\n\n\n\n<div class=\"wp-block-uagb-info-box uagb-block-c1dab174 uagb-infobox__content-wrap  uagb-infobox-icon-above-title uagb-infobox-image-valign-top\"><div class=\"uagb-ifb-content\"><div class=\"uagb-ifb-title-wrap\"><h3 class=\"uagb-ifb-title\">Portugu\u00eas para Estrangeiros<\/h3><\/div><p class=\"uagb-ifb-desc\">Aulas de conversa\u00e7\u00e3o e compreens\u00e3o do Portugu\u00eas brasileiro!<\/p><\/div><\/div>\n\n\n\n<div class=\"wp-block-uagb-buttons uagb-buttons__outer-wrap uagb-btn__default-btn uagb-btn-tablet__default-btn uagb-btn-mobile__default-btn uagb-block-5e118519\"><div class=\"uagb-buttons__wrap uagb-buttons-layout-wrap \">\n<div class=\"wp-block-uagb-buttons-child uagb-buttons__outer-wrap uagb-block-84f5ce96 wp-block-button\"><div class=\"uagb-button__wrapper\"><a class=\"uagb-buttons-repeater wp-block-button__link\" aria-label=\"\" href=\"https:\/\/voser.com.br\/index.php\/portugues\/\" rel=\"follow noopener\" target=\"_self\" role=\"button\"><div class=\"uagb-button__link\">Saiba mais!<\/div><\/a><\/div><\/div>\n<\/div><\/div>\n\n\n\n<p><\/p>\n<\/div>\n\n\n\n<div class=\"wp-block-uagb-container uagb-block-c12125cc\">\n<div class=\"wp-block-uagb-image alignleft uagb-block-4631204e wp-block-uagb-image--layout-default wp-block-uagb-image--effect-static wp-block-uagb-image--align-left\"><figure class=\"wp-block-uagb-image__figure\"><img decoding=\"async\" srcset=\"https:\/\/websitedemos.net\/wp-content\/uploads\/2023\/10\/desserts-01-1024x683.jpg ,https:\/\/websitedemos.net\/wp-content\/uploads\/2023\/10\/desserts-01-1024x683.jpg 780w\" sizes=\"auto, (max-width: 480px) 150px\" src=\"https:\/\/websitedemos.net\/wp-content\/uploads\/2023\/10\/desserts-01-1024x683.jpg\" alt=\"\" class=\"uag-image-80569\" width=\"352\" height=\"260\" title=\"\" loading=\"lazy\" role=\"img\"\/><\/figure><\/div>\n\n\n\n<div class=\"wp-block-uagb-info-box uagb-block-3e6f747c uagb-infobox__content-wrap  uagb-infobox-icon-above-title uagb-infobox-image-valign-top\"><div class=\"uagb-ifb-content\"><div class=\"uagb-ifb-title-wrap\"><h3 class=\"uagb-ifb-title\">Libras<br><\/h3><\/div><p class=\"uagb-ifb-desc\">Aprenda libras de forma pr\u00e1tica para uma maior inclus\u00e3o social!<\/p><\/div><\/div>\n\n\n\n<div class=\"wp-block-uagb-buttons uagb-buttons__outer-wrap uagb-btn__default-btn uagb-btn-tablet__default-btn uagb-btn-mobile__default-btn uagb-block-ae92e43f\"><div class=\"uagb-buttons__wrap uagb-buttons-layout-wrap \">\n<div class=\"wp-block-uagb-buttons-child uagb-buttons__outer-wrap uagb-block-37a99c58 wp-block-button\"><div class=\"uagb-button__wrapper\"><a class=\"uagb-buttons-repeater wp-block-button__link\" aria-label=\"\" href=\"https:\/\/voser.com.br\/index.php\/libras\/\" rel=\"follow noopener\" target=\"_self\" role=\"button\"><div class=\"uagb-button__link\">Saiba mais!<\/div><\/a><\/div><\/div>\n<\/div><\/div>\n<\/div>\n\n\n\n<div class=\"wp-block-uagb-container uagb-block-8fca2290\">\n<div class=\"wp-block-uagb-image alignleft uagb-block-c309e004 wp-block-uagb-image--layout-default wp-block-uagb-image--effect-static wp-block-uagb-image--align-left\"><figure class=\"wp-block-uagb-image__figure\"><img decoding=\"async\" srcset=\"https:\/\/websitedemos.net\/wp-content\/uploads\/2023\/10\/snow-mountains-01-1024x683.jpg ,https:\/\/websitedemos.net\/wp-content\/uploads\/2023\/10\/snow-mountains-01-1024x683.jpg 780w\" sizes=\"auto, (max-width: 480px) 150px\" src=\"https:\/\/websitedemos.net\/wp-content\/uploads\/2023\/10\/snow-mountains-01-1024x683.jpg\" alt=\"\" class=\"uag-image-80577\" width=\"352\" height=\"260\" title=\"\" loading=\"lazy\" role=\"img\"\/><\/figure><\/div>\n\n\n\n<div class=\"wp-block-uagb-info-box uagb-block-e2fd61bd uagb-infobox__content-wrap  uagb-infobox-icon-above-title uagb-infobox-image-valign-top\"><div class=\"uagb-ifb-content\"><div class=\"uagb-ifb-title-wrap\"><h3 class=\"uagb-ifb-title\">Bolsas de Estudo<br><\/h3><\/div><p class=\"uagb-ifb-desc\">Bolsas de estudo para cursos t\u00e9cnicos, gradua\u00e7\u00e3o. p\u00f3s-gradua\u00e7\u00e3o e EJA!<\/p><\/div><\/div>\n\n\n\n<div class=\"wp-block-uagb-buttons uagb-buttons__outer-wrap uagb-btn__default-btn uagb-btn-tablet__default-btn uagb-btn-mobile__default-btn uagb-block-2acbd8f5\"><div class=\"uagb-buttons__wrap uagb-buttons-layout-wrap \">\n<div class=\"wp-block-uagb-buttons-child uagb-buttons__outer-wrap uagb-block-f670c90a wp-block-button\"><div class=\"uagb-button__wrapper\"><a class=\"uagb-buttons-repeater wp-block-button__link\" aria-label=\"\" href=\"https:\/\/voser.com.br\/index.php\/bolsas-de-estudo\/\" rel=\"follow noopener\" target=\"_self\" role=\"button\"><div class=\"uagb-button__link\">Saiba mais!<\/div><\/a><\/div><\/div>\n<\/div><\/div>\n<\/div>\n<\/div>\n<\/div><\/div>\n\n\n\n<p class=\"has-text-align-center\"><\/p>\n\n\n\n<p><\/p>\n\n\n\n<p><\/p>\n\n\n\n<p><\/p>\n","protected":false},"excerpt":{"rendered":"","protected":false},"author":1,"featured_media":201,"parent":0,"menu_order":0,"comment_status":"closed","ping_status":"closed","template":"","meta":{"_uag_custom_page_level_css":"","footnotes":""},"class_list":["post-34","page","type-page","status-publish","has-post-thumbnail","czr-hentry"],"uagb_featured_image_src":{"full":["https:\/\/voser.com.br\/wp-content\/uploads\/2025\/06\/Destaque-1.png",844,781,false],"thumbnail":["https:\/\/voser.com.br\/wp-content\/uploads\/2025\/06\/Destaque-1-150x150.png",150,150,true],"medium":["https:\/\/voser.com.br\/wp-content\/uploads\/2025\/06\/Destaque-1-300x278.png",300,278,true],"medium_large":["https:\/\/voser.com.br\/wp-content\/uploads\/2025\/06\/Destaque-1-768x711.png",768,711,true],"large":["https:\/\/voser.com.br\/wp-content\/uploads\/2025\/06\/Destaque-1.png",844,781,false],"1536x1536":["https:\/\/voser.com.br\/wp-content\/uploads\/2025\/06\/Destaque-1.png",844,781,false],"2048x2048":["https:\/\/voser.com.br\/wp-content\/uploads\/2025\/06\/Destaque-1.png",844,781,false],"tc-grid-full":["https:\/\/voser.com.br\/wp-content\/uploads\/2025\/06\/Destaque-1-844x444.png",844,444,true],"tc-grid":["https:\/\/voser.com.br\/wp-content\/uploads\/2025\/06\/Destaque-1-570x350.png",570,350,true],"tc-thumb":["https:\/\/voser.com.br\/wp-content\/uploads\/2025\/06\/Destaque-1-270x250.png",270,250,true],"slider-full":["https:\/\/voser.com.br\/wp-content\/uploads\/2025\/06\/Destaque-1-844x500.png",844,500,true],"slider":["https:\/\/voser.com.br\/wp-content\/uploads\/2025\/06\/Destaque-1-844x500.png",844,500,true],"tc-sq-thumb":["https:\/\/voser.com.br\/wp-content\/uploads\/2025\/06\/Destaque-1-510x510.png",510,510,true],"tc-ws-thumb":["https:\/\/voser.com.br\/wp-content\/uploads\/2025\/06\/Destaque-1-844x624.png",844,624,true],"tc-ws-small-thumb":["https:\/\/voser.com.br\/wp-content\/uploads\/2025\/06\/Destaque-1-528x297.png",528,297,true],"tc-slider-small":["https:\/\/voser.com.br\/wp-content\/uploads\/2025\/06\/Destaque-1-517x235.png",517,235,true]},"uagb_author_info":{"display_name":"voseridiomas@gmail.com","author_link":"https:\/\/voser.com.br\/index.php\/author\/voseridiomasgmail-com\/"},"uagb_comment_info":0,"uagb_excerpt":null,"_links":{"self":[{"href":"https:\/\/voser.com.br\/index.php\/wp-json\/wp\/v2\/pages\/34","targetHints":{"allow":["GET"]}}],"collection":[{"href":"https:\/\/voser.com.br\/index.php\/wp-json\/wp\/v2\/pages"}],"about":[{"href":"https:\/\/voser.com.br\/index.php\/wp-json\/wp\/v2\/types\/page"}],"author":[{"embeddable":true,"href":"https:\/\/voser.com.br\/index.php\/wp-json\/wp\/v2\/users\/1"}],"replies":[{"embeddable":true,"href":"https:\/\/voser.com.br\/index.php\/wp-json\/wp\/v2\/comments?post=34"}],"version-history":[{"count":22,"href":"https:\/\/voser.com.br\/index.php\/wp-json\/wp\/v2\/pages\/34\/revisions"}],"predecessor-version":[{"id":357,"href":"https:\/\/voser.com.br\/index.php\/wp-json\/wp\/v2\/pages\/34\/revisions\/357"}],"wp:featuredmedia":[{"embeddable":true,"href":"https:\/\/voser.com.br\/index.php\/wp-json\/wp\/v2\/media\/201"}],"wp:attachment":[{"href":"https:\/\/voser.com.br\/index.php\/wp-json\/wp\/v2\/media?parent=34"}],"curies":[{"name":"wp","href":"https:\/\/api.w.org\/{rel}","templated":true}]}}