{"id":33,"date":"2025-05-25T10:05:49","date_gmt":"2025-05-25T13:05:49","guid":{"rendered":"https:\/\/voser.com.br\/?page_id=33"},"modified":"2025-08-24T22:05:26","modified_gmt":"2025-08-25T01:05:26","slug":"sobre-nos","status":"publish","type":"page","link":"https:\/\/voser.com.br\/index.php\/sobre-nos\/","title":{"rendered":"Sobre n\u00f3s"},"content":{"rendered":"\n<div class=\"wp-block-uagb-container uagb-block-e2ad7dac alignfull uagb-is-root-container\"><div class=\"uagb-container-inner-blocks-wrap\">\n<div class=\"wp-block-uagb-container uagb-block-d93c23c1\">\t\t\t\t\t<!-- Configure your Spectra Image Gallery -->\n\t\t\t\t\t\n\n\n<figure class=\"wp-block-image size-full\"><img loading=\"lazy\" decoding=\"async\" width=\"844\" height=\"781\" src=\"https:\/\/voser.com.br\/wp-content\/uploads\/2025\/05\/Destaque-3.png\" alt=\"\" class=\"wp-image-149\" srcset=\"https:\/\/voser.com.br\/wp-content\/uploads\/2025\/05\/Destaque-3.png 844w, https:\/\/voser.com.br\/wp-content\/uploads\/2025\/05\/Destaque-3-300x278.png 300w, https:\/\/voser.com.br\/wp-content\/uploads\/2025\/05\/Destaque-3-768x711.png 768w, https:\/\/voser.com.br\/wp-content\/uploads\/2025\/05\/Destaque-3-270x250.png 270w\" sizes=\"auto, (max-width: 844px) 100vw, 844px\" \/><\/figure>\n<\/div>\n\n\n\n<div class=\"wp-block-uagb-container uagb-block-85a44e9e\">\n<p><strong>Ol\u00e1, seja bem-vindo(a) a Voser!<\/strong><br><br>Acreditamos que aprimoramos o que atualmente se encontra deficiente nas escolas de idiomas e inform\u00e1tica, pois nosso foco \u00e9 a efici\u00eancia no aprendizado de nossos alunos!<br><br>Com professores de excelente experi\u00eancia, somada a uma profunda avalia\u00e7\u00e3o do mercado, conosco voc\u00ea pode ter sua independ\u00eancia no idioma escolhido e um aprendizado excelente em nossos cursos de inform\u00e1tica e tecnologia, tudo isso junto ao melhor custo-benef\u00edcio!<\/p>\n<\/div>\n<\/div><\/div>\n\n\n\n<div class=\"wp-block-uagb-container uagb-block-651cdfbf alignfull uagb-is-root-container\"><div class=\"uagb-container-inner-blocks-wrap\">\n<div class=\"wp-block-uagb-container uagb-block-e0140b32\">\n<figure class=\"wp-block-gallery has-nested-images columns-default is-cropped wp-block-gallery-1 is-layout-flex wp-block-gallery-is-layout-flex\">\n<figure class=\"wp-block-image size-large\"><img loading=\"lazy\" decoding=\"async\" width=\"1024\" height=\"1024\" data-id=\"374\" src=\"https:\/\/voser.com.br\/wp-content\/uploads\/2025\/08\/Design-sem-nome-4-1-1024x1024.png\" alt=\"\" class=\"wp-image-374\" srcset=\"https:\/\/voser.com.br\/wp-content\/uploads\/2025\/08\/Design-sem-nome-4-1-1024x1024.png 1024w, https:\/\/voser.com.br\/wp-content\/uploads\/2025\/08\/Design-sem-nome-4-1-300x300.png 300w, https:\/\/voser.com.br\/wp-content\/uploads\/2025\/08\/Design-sem-nome-4-1-150x150.png 150w, https:\/\/voser.com.br\/wp-content\/uploads\/2025\/08\/Design-sem-nome-4-1-768x768.png 768w, https:\/\/voser.com.br\/wp-content\/uploads\/2025\/08\/Design-sem-nome-4-1-510x510.png 510w, https:\/\/voser.com.br\/wp-content\/uploads\/2025\/08\/Design-sem-nome-4-1.png 1120w\" sizes=\"auto, (max-width: 1024px) 100vw, 1024px\" \/><\/figure>\n<\/figure>\n<\/div>\n\n\n\n<div class=\"wp-block-uagb-container uagb-block-dce08714\">\n<p><strong>Por que escolher a Voser? <\/strong><br><br>Porque a Voser investe com efici\u00eancia na educa\u00e7\u00e3o din\u00e2mica de alta qualidade, proporcionando um ensino prazeroso e pr\u00e1tico, para que cada aluno(a) aprenda de verdade e tenha sua satisfa\u00e7\u00e3o garantida!<\/p>\n<\/div>\n<\/div><\/div>\n\n\n\n<div class=\"wp-block-uagb-container uagb-block-3e0368b8 alignfull uagb-is-root-container\"><div class=\"uagb-container-inner-blocks-wrap\">\n<div class=\"wp-block-uagb-container uagb-block-a9cc66f2\">\n<figure class=\"wp-block-gallery has-nested-images columns-default is-cropped wp-block-gallery-2 is-layout-flex wp-block-gallery-is-layout-flex\">\n<figure class=\"wp-block-image size-large\"><img loading=\"lazy\" decoding=\"async\" width=\"1024\" height=\"1024\" data-id=\"363\" src=\"https:\/\/voser.com.br\/wp-content\/uploads\/2025\/08\/Design-sem-nome-5-1024x1024.png\" alt=\"\" class=\"wp-image-363\" srcset=\"https:\/\/voser.com.br\/wp-content\/uploads\/2025\/08\/Design-sem-nome-5-1024x1024.png 1024w, https:\/\/voser.com.br\/wp-content\/uploads\/2025\/08\/Design-sem-nome-5-300x300.png 300w, https:\/\/voser.com.br\/wp-content\/uploads\/2025\/08\/Design-sem-nome-5-150x150.png 150w, https:\/\/voser.com.br\/wp-content\/uploads\/2025\/08\/Design-sem-nome-5-768x768.png 768w, https:\/\/voser.com.br\/wp-content\/uploads\/2025\/08\/Design-sem-nome-5-510x510.png 510w, https:\/\/voser.com.br\/wp-content\/uploads\/2025\/08\/Design-sem-nome-5.png 1120w\" sizes=\"auto, (max-width: 1024px) 100vw, 1024px\" \/><\/figure>\n<\/figure>\n<\/div>\n\n\n\n<div class=\"wp-block-uagb-container uagb-block-165149f1\">\n<p><strong>Metodologia inovadora, com foco em conversa\u00e7\u00e3o e pr\u00e1tica!!!<\/strong><br><br>Em nossos cursos de idiomas, nossa metodologia \u00e9 focada na conversa\u00e7\u00e3o (<em>Independent Communicative Approach<\/em>), onde o(a) aluno(a) aprende a conversar desde a primeira aula, e em todas as aulas, sem exce\u00e7\u00e3o, com aulas pr\u00e1ticas!<br><br>Em nossos cursos de inform\u00e1tica e tecnologia, nossa metodologia inovadora conta com as Imers\u00f5es, onde cada aluno(a) \u00e9 certificado de que realmente aprendeu o que foi ensinado. Independentemente da idade, temos o compromisso de um ensino com efici\u00eancia, qualidade e apoio personalizados!<\/p>\n<\/div>\n<\/div><\/div>\n\n\n\n<div class=\"wp-block-uagb-container uagb-block-7566e7cf alignfull uagb-is-root-container\"><div class=\"uagb-container-inner-blocks-wrap\">\n<div class=\"wp-block-uagb-container uagb-block-147ab5fa\">\n<div class=\"wp-block-uagb-image uagb-block-bff82977 wp-block-uagb-image--layout-default wp-block-uagb-image--effect-static wp-block-uagb-image--align-none\"><figure class=\"wp-block-uagb-image__figure\"><img decoding=\"async\" srcset=\"https:\/\/voser.com.br\/wp-content\/uploads\/2025\/08\/Design-sem-nome-6-1-1024x1024.png ,https:\/\/voser.com.br\/wp-content\/uploads\/2025\/08\/Design-sem-nome-6-1.png 780w, https:\/\/voser.com.br\/wp-content\/uploads\/2025\/08\/Design-sem-nome-6-1.png 360w\" sizes=\"auto, (max-width: 480px) 150px\" src=\"https:\/\/voser.com.br\/wp-content\/uploads\/2025\/08\/Design-sem-nome-6-1-1024x1024.png\" alt=\"\" class=\"uag-image-375\" width=\"1120\" height=\"1120\" title=\"Design sem nome (6)\" loading=\"lazy\" role=\"img\"\/><\/figure><\/div>\n<\/div>\n\n\n\n<div class=\"wp-block-uagb-container uagb-block-b90b2d59\">\n<p><strong>Professores experientes!<\/strong><br><br>Nossos professores de idiomas se destacam, por terem excelente experi\u00eancia e did\u00e1tica, junto a metodologia inovadora da Voser! Mesmo sendo indispens\u00e1vel a flu\u00eancia no idioma, h\u00e1 a necessidade de treinamento e capacita\u00e7\u00e3o permanentes, a flu\u00eancia por si s\u00f3 n\u00e3o \u00e9 suficiente para ser um(a) bom(boa) professor(a). Por isso treinamos e aprimoramos nossos professores, para que possam sempre ensinar com qualidade e efici\u00eancia!<br><br>Para os cursos de inform\u00e1tica, temos treinamento e capacita\u00e7\u00e3o a todo momento, para atendermos com efici\u00eancia todas as faixas et\u00e1rias, desde Crian\u00e7as (a partir de 7 anos), Adolescentes, Jovens, Adultos e Melhor idade! Temos o melhor curso de inform\u00e1tica, ideal para ensinar com excel\u00eancia qualquer pessoa de qualquer idade!<\/p>\n<\/div>\n<\/div><\/div>\n\n\n\n<div class=\"wp-block-uagb-container uagb-block-76e4a71e alignfull uagb-is-root-container\"><div class=\"uagb-container-inner-blocks-wrap\">\n<div class=\"wp-block-uagb-container uagb-block-612ba4c0\">\n<div class=\"wp-block-uagb-image uagb-block-3387cfcb wp-block-uagb-image--layout-default wp-block-uagb-image--effect-static wp-block-uagb-image--align-none\"><figure class=\"wp-block-uagb-image__figure\"><img decoding=\"async\" srcset=\"https:\/\/voser.com.br\/wp-content\/uploads\/2025\/08\/Design-sem-nome-7-1024x1024.png ,https:\/\/voser.com.br\/wp-content\/uploads\/2025\/08\/Design-sem-nome-7.png 780w, https:\/\/voser.com.br\/wp-content\/uploads\/2025\/08\/Design-sem-nome-7.png 360w\" sizes=\"auto, (max-width: 480px) 150px\" src=\"https:\/\/voser.com.br\/wp-content\/uploads\/2025\/08\/Design-sem-nome-7-1024x1024.png\" alt=\"\" class=\"uag-image-367\" width=\"1120\" height=\"1120\" title=\"Design sem nome (7)\" loading=\"lazy\" role=\"img\"\/><\/figure><\/div>\n<\/div>\n\n\n\n<div class=\"wp-block-uagb-container uagb-block-c4c8e05d\">\n<p><strong>O melhor para os melhores!<\/strong><br><br>Contamos tamb\u00e9m com uma coordena\u00e7\u00e3o pedag\u00f3gica altamente capacitada, para atender com efici\u00eancia todos os alunos, inclusive com dificuldades espec\u00edficas (Autismo, S\u00edndromes de Down, Tourette, etc), com formas personalizadas para trabalhar no desenvolvimento e progresso de cada aluno(a)!<\/p>\n<\/div>\n<\/div><\/div>\n","protected":false},"excerpt":{"rendered":"<p>Ol\u00e1, seja bem-vindo(a) a Voser! Acreditamos que aprimoramos o que atualmente se encontra deficiente nas escolas de idiomas e inform\u00e1tica, pois nosso foco \u00e9 a efici\u00eancia no aprendizado de nossos alunos! Com professores de excelente experi\u00eancia, somada a uma profunda avalia\u00e7\u00e3o do mercado, conosco voc\u00ea pode ter sua independ\u00eancia no idioma escolhido e um aprendizado [&hellip;]<\/p>\n","protected":false},"author":1,"featured_media":148,"parent":0,"menu_order":0,"comment_status":"closed","ping_status":"closed","template":"","meta":{"_uag_custom_page_level_css":"","footnotes":""},"class_list":["post-33","page","type-page","status-publish","has-post-thumbnail","czr-hentry"],"uagb_featured_image_src":{"full":["https:\/\/voser.com.br\/wp-content\/uploads\/2025\/05\/Destaque-2.png",844,781,false],"thumbnail":["https:\/\/voser.com.br\/wp-content\/uploads\/2025\/05\/Destaque-2-150x150.png",150,150,true],"medium":["https:\/\/voser.com.br\/wp-content\/uploads\/2025\/05\/Destaque-2-300x278.png",300,278,true],"medium_large":["https:\/\/voser.com.br\/wp-content\/uploads\/2025\/05\/Destaque-2-768x711.png",768,711,true],"large":["https:\/\/voser.com.br\/wp-content\/uploads\/2025\/05\/Destaque-2.png",844,781,false],"1536x1536":["https:\/\/voser.com.br\/wp-content\/uploads\/2025\/05\/Destaque-2.png",844,781,false],"2048x2048":["https:\/\/voser.com.br\/wp-content\/uploads\/2025\/05\/Destaque-2.png",844,781,false],"tc-grid-full":["https:\/\/voser.com.br\/wp-content\/uploads\/2025\/05\/Destaque-2-844x444.png",844,444,true],"tc-grid":["https:\/\/voser.com.br\/wp-content\/uploads\/2025\/05\/Destaque-2-570x350.png",570,350,true],"tc-thumb":["https:\/\/voser.com.br\/wp-content\/uploads\/2025\/05\/Destaque-2-270x250.png",270,250,true],"slider-full":["https:\/\/voser.com.br\/wp-content\/uploads\/2025\/05\/Destaque-2-844x500.png",844,500,true],"slider":["https:\/\/voser.com.br\/wp-content\/uploads\/2025\/05\/Destaque-2-844x500.png",844,500,true],"tc-sq-thumb":["https:\/\/voser.com.br\/wp-content\/uploads\/2025\/05\/Destaque-2-510x510.png",510,510,true],"tc-ws-thumb":["https:\/\/voser.com.br\/wp-content\/uploads\/2025\/05\/Destaque-2-844x624.png",844,624,true],"tc-ws-small-thumb":["https:\/\/voser.com.br\/wp-content\/uploads\/2025\/05\/Destaque-2-528x297.png",528,297,true],"tc-slider-small":["https:\/\/voser.com.br\/wp-content\/uploads\/2025\/05\/Destaque-2-517x235.png",517,235,true]},"uagb_author_info":{"display_name":"voseridiomas@gmail.com","author_link":"https:\/\/voser.com.br\/index.php\/author\/voseridiomasgmail-com\/"},"uagb_comment_info":0,"uagb_excerpt":"Ol\u00e1, seja bem-vindo(a) a Voser! Acreditamos que aprimoramos o que atualmente se encontra deficiente nas escolas de idiomas e inform\u00e1tica, pois nosso foco \u00e9 a efici\u00eancia no aprendizado de nossos alunos! Com professores de excelente experi\u00eancia, somada a uma profunda avalia\u00e7\u00e3o do mercado, conosco voc\u00ea pode ter sua independ\u00eancia no idioma escolhido e um aprendizado&hellip;","_links":{"self":[{"href":"https:\/\/voser.com.br\/index.php\/wp-json\/wp\/v2\/pages\/33","targetHints":{"allow":["GET"]}}],"collection":[{"href":"https:\/\/voser.com.br\/index.php\/wp-json\/wp\/v2\/pages"}],"about":[{"href":"https:\/\/voser.com.br\/index.php\/wp-json\/wp\/v2\/types\/page"}],"author":[{"embeddable":true,"href":"https:\/\/voser.com.br\/index.php\/wp-json\/wp\/v2\/users\/1"}],"replies":[{"embeddable":true,"href":"https:\/\/voser.com.br\/index.php\/wp-json\/wp\/v2\/comments?post=33"}],"version-history":[{"count":11,"href":"https:\/\/voser.com.br\/index.php\/wp-json\/wp\/v2\/pages\/33\/revisions"}],"predecessor-version":[{"id":379,"href":"https:\/\/voser.com.br\/index.php\/wp-json\/wp\/v2\/pages\/33\/revisions\/379"}],"wp:featuredmedia":[{"embeddable":true,"href":"https:\/\/voser.com.br\/index.php\/wp-json\/wp\/v2\/media\/148"}],"wp:attachment":[{"href":"https:\/\/voser.com.br\/index.php\/wp-json\/wp\/v2\/media?parent=33"}],"curies":[{"name":"wp","href":"https:\/\/api.w.org\/{rel}","templated":true}]}}