{"id":295,"date":"2025-08-24T06:27:58","date_gmt":"2025-08-24T09:27:58","guid":{"rendered":"https:\/\/voser.com.br\/?page_id=295"},"modified":"2025-08-25T01:13:00","modified_gmt":"2025-08-25T04:13:00","slug":"ingles","status":"publish","type":"page","link":"https:\/\/voser.com.br\/index.php\/ingles\/","title":{"rendered":"Ingl\u00eas"},"content":{"rendered":"\n<div class=\"wp-block-uagb-container uagb-block-03a0e023 alignfull uagb-is-root-container\"><div class=\"uagb-container-inner-blocks-wrap\">\n<div class=\"wp-block-uagb-container uagb-block-3aa5be00\">\n<div class=\"wp-block-uagb-image uagb-block-df3b6237 wp-block-uagb-image--layout-default wp-block-uagb-image--effect-static wp-block-uagb-image--align-none\"><figure class=\"wp-block-uagb-image__figure\"><img loading=\"lazy\" decoding=\"async\" srcset=\"https:\/\/voser.com.br\/wp-content\/uploads\/2025\/08\/crie-uma-imagem-com-a-frase-_do-you-speak-english__-com-adolescentes-1024x1024.jpg ,https:\/\/voser.com.br\/wp-content\/uploads\/2025\/08\/crie-uma-imagem-com-a-frase-_do-you-speak-english__-com-adolescentes.jpg 780w, https:\/\/voser.com.br\/wp-content\/uploads\/2025\/08\/crie-uma-imagem-com-a-frase-_do-you-speak-english__-com-adolescentes-1024x1024.jpg 360w\" sizes=\"auto, (max-width: 480px) 150px\" src=\"https:\/\/voser.com.br\/wp-content\/uploads\/2025\/08\/crie-uma-imagem-com-a-frase-_do-you-speak-english__-com-adolescentes-1024x1024.jpg\" alt=\"\" class=\"uag-image-383\" width=\"1120\" height=\"1120\" title=\"crie uma imagem com a frase _do you speak english__ com adolescentes\" role=\"img\"\/><\/figure><\/div>\n<\/div>\n\n\n\n<div class=\"wp-block-uagb-container uagb-block-f42b2654\">\n<p>Com o mercado de trabalho cada vez mais exigente, \u00e9 comum os pais pensarem em colocar os filhos logo cedo para aprenderem idiomas como o ingl\u00eas. E n\u00f3s estamos preparados para isso, ou seja, promover aos pais e filhos um aprendizado eficiente a um custo acess\u00edvel. <br><br>Conhe\u00e7a abaixo o material ideal para voc\u00ea e sua fam\u00edlia!<\/p>\n<\/div>\n<\/div><\/div>\n\n\n\n<div class=\"wp-block-uagb-container uagb-block-b545665d alignfull uagb-is-root-container\"><div class=\"uagb-container-inner-blocks-wrap\">\n<div class=\"wp-block-uagb-container uagb-block-cac3983f\">\n<figure class=\"wp-block-image size-large\"><img loading=\"lazy\" decoding=\"async\" width=\"1024\" height=\"585\" src=\"https:\/\/voser.com.br\/wp-content\/uploads\/2025\/08\/Storyland2-1536x877-1-1024x585.png\" alt=\"\" class=\"wp-image-384\" srcset=\"https:\/\/voser.com.br\/wp-content\/uploads\/2025\/08\/Storyland2-1536x877-1-1024x585.png 1024w, https:\/\/voser.com.br\/wp-content\/uploads\/2025\/08\/Storyland2-1536x877-1-300x171.png 300w, https:\/\/voser.com.br\/wp-content\/uploads\/2025\/08\/Storyland2-1536x877-1-768x439.png 768w, https:\/\/voser.com.br\/wp-content\/uploads\/2025\/08\/Storyland2-1536x877-1.png 1536w\" sizes=\"auto, (max-width: 1024px) 100vw, 1024px\" \/><\/figure>\n\n\n\n<p><strong>VOSER KIDS I<\/strong><br><br>Recomendado para crian\u00e7as a partir dos 5 anos de idade, este material vai incentivar a fixa\u00e7\u00e3o e enriquecimento do vocabul\u00e1rio atrav\u00e9s de jogos, figuras e frases curtas. \u00c9 uma \u00f3tima idade para que seu(sua) filho(a) se acostume com a id\u00e9ia de aprender um novo idioma!<\/p>\n<\/div>\n\n\n\n<div class=\"wp-block-uagb-container uagb-block-dfe56886\">\n<figure class=\"wp-block-image size-large\"><img loading=\"lazy\" decoding=\"async\" width=\"1024\" height=\"632\" src=\"https:\/\/voser.com.br\/wp-content\/uploads\/2025\/08\/Super-Magic-2-2-1024x632.png\" alt=\"\" class=\"wp-image-385\" srcset=\"https:\/\/voser.com.br\/wp-content\/uploads\/2025\/08\/Super-Magic-2-2-1024x632.png 1024w, https:\/\/voser.com.br\/wp-content\/uploads\/2025\/08\/Super-Magic-2-2-300x185.png 300w, https:\/\/voser.com.br\/wp-content\/uploads\/2025\/08\/Super-Magic-2-2-768x474.png 768w, https:\/\/voser.com.br\/wp-content\/uploads\/2025\/08\/Super-Magic-2-2.png 1401w\" sizes=\"auto, (max-width: 1024px) 100vw, 1024px\" \/><\/figure>\n\n\n\n<p><strong>VOSER KIDS II<\/strong><br><br>Para crian\u00e7as entre 7 e 10 anos, este material cont\u00e9m mini-di\u00e1logos, pequenas instru\u00e7\u00f5es e assuntos que permeiam o universo infantil. Uma imers\u00e3o um pouco mais profunda no idioma, que vai aumentando antes de iniciar o plano de Flu\u00eancia!<\/p>\n<\/div>\n\n\n\n<div class=\"wp-block-uagb-container uagb-block-e752b538\">\n<figure class=\"wp-block-image size-large\"><img loading=\"lazy\" decoding=\"async\" width=\"1024\" height=\"691\" src=\"https:\/\/voser.com.br\/wp-content\/uploads\/2025\/08\/Imagem1b-1024x691.png\" alt=\"\" class=\"wp-image-390\" style=\"aspect-ratio:3\/2;object-fit:cover\" srcset=\"https:\/\/voser.com.br\/wp-content\/uploads\/2025\/08\/Imagem1b-1024x691.png 1024w, https:\/\/voser.com.br\/wp-content\/uploads\/2025\/08\/Imagem1b-300x203.png 300w, https:\/\/voser.com.br\/wp-content\/uploads\/2025\/08\/Imagem1b-768x518.png 768w, https:\/\/voser.com.br\/wp-content\/uploads\/2025\/08\/Imagem1b.png 1465w\" sizes=\"auto, (max-width: 1024px) 100vw, 1024px\" \/><\/figure>\n\n\n\n<p><strong>VOSER FLUENCY<\/strong><br><br>No <em>Fluency<\/em> temos o planejamento especial para flu\u00eancia. Do <em>ELEMENTARY<\/em> ao <em>UPPER ADVANCED<\/em>, voc\u00ea aprende a conversar de tudo em todas as situa\u00e7\u00f5es, em todos os tempos verbais (presente, passado e futuro).<br><br>\u00c9 um plano completo e, com a nossa Metodologia independente (<em>Independent Communicative Approach<\/em>), foco na conversa\u00e7\u00e3o e material did\u00e1tico exclusivo, voc\u00ea aprende tanto o Ingl\u00eas Americano quanto o Brit\u00e2nico, conquistando sua independ\u00eancia no idioma!<\/p>\n<\/div>\n\n\n\n<div class=\"wp-block-uagb-container uagb-block-d103bfa2\">\n<figure class=\"wp-block-image size-large\"><img loading=\"lazy\" decoding=\"async\" width=\"1024\" height=\"449\" src=\"https:\/\/voser.com.br\/wp-content\/uploads\/2025\/08\/Business-English-1536x674-1-1024x449.png\" alt=\"\" class=\"wp-image-388\" style=\"aspect-ratio:4\/3;object-fit:contain\" srcset=\"https:\/\/voser.com.br\/wp-content\/uploads\/2025\/08\/Business-English-1536x674-1-1024x449.png 1024w, https:\/\/voser.com.br\/wp-content\/uploads\/2025\/08\/Business-English-1536x674-1-300x132.png 300w, https:\/\/voser.com.br\/wp-content\/uploads\/2025\/08\/Business-English-1536x674-1-768x337.png 768w, https:\/\/voser.com.br\/wp-content\/uploads\/2025\/08\/Business-English-1536x674-1.png 1536w\" sizes=\"auto, (max-width: 1024px) 100vw, 1024px\" \/><\/figure>\n\n\n\n<p><strong>VOSER BUSINESS<\/strong><br><br>Se voc\u00ea trabalha na \u00e1rea de neg\u00f3cios, que tal aprender ingl\u00eas voltado para suas necessidades? \u00c9 o que este maravilhoso material proporciona!<br><br>Com o Market Leader, voc\u00ea aprender\u00e1 ingl\u00eas utilizando poss\u00edveis situa\u00e7\u00f5es do dia-a-dia da \u00e1rea de neg\u00f3cios. Uma experi\u00eancia fant\u00e1stica!<\/p>\n<\/div>\n<\/div><\/div>\n","protected":false},"excerpt":{"rendered":"<p>Com o mercado de trabalho cada vez mais exigente, \u00e9 comum os pais pensarem em colocar os filhos logo cedo para aprenderem idiomas como o ingl\u00eas. E n\u00f3s estamos preparados para isso, ou seja, promover aos pais e filhos um aprendizado eficiente a um custo acess\u00edvel. Conhe\u00e7a abaixo o material ideal para voc\u00ea e sua [&hellip;]<\/p>\n","protected":false},"author":1,"featured_media":0,"parent":0,"menu_order":0,"comment_status":"closed","ping_status":"closed","template":"","meta":{"_uag_custom_page_level_css":"","footnotes":""},"class_list":["post-295","page","type-page","status-publish","czr-hentry"],"uagb_featured_image_src":{"full":false,"thumbnail":false,"medium":false,"medium_large":false,"large":false,"1536x1536":false,"2048x2048":false,"tc-grid-full":false,"tc-grid":false,"tc-thumb":false,"slider-full":false,"slider":false,"tc-sq-thumb":false,"tc-ws-thumb":false,"tc-ws-small-thumb":false,"tc-slider-small":false},"uagb_author_info":{"display_name":"voseridiomas@gmail.com","author_link":"https:\/\/voser.com.br\/index.php\/author\/voseridiomasgmail-com\/"},"uagb_comment_info":0,"uagb_excerpt":"Com o mercado de trabalho cada vez mais exigente, \u00e9 comum os pais pensarem em colocar os filhos logo cedo para aprenderem idiomas como o ingl\u00eas. E n\u00f3s estamos preparados para isso, ou seja, promover aos pais e filhos um aprendizado eficiente a um custo acess\u00edvel. Conhe\u00e7a abaixo o material ideal para voc\u00ea e sua&hellip;","_links":{"self":[{"href":"https:\/\/voser.com.br\/index.php\/wp-json\/wp\/v2\/pages\/295","targetHints":{"allow":["GET"]}}],"collection":[{"href":"https:\/\/voser.com.br\/index.php\/wp-json\/wp\/v2\/pages"}],"about":[{"href":"https:\/\/voser.com.br\/index.php\/wp-json\/wp\/v2\/types\/page"}],"author":[{"embeddable":true,"href":"https:\/\/voser.com.br\/index.php\/wp-json\/wp\/v2\/users\/1"}],"replies":[{"embeddable":true,"href":"https:\/\/voser.com.br\/index.php\/wp-json\/wp\/v2\/comments?post=295"}],"version-history":[{"count":13,"href":"https:\/\/voser.com.br\/index.php\/wp-json\/wp\/v2\/pages\/295\/revisions"}],"predecessor-version":[{"id":405,"href":"https:\/\/voser.com.br\/index.php\/wp-json\/wp\/v2\/pages\/295\/revisions\/405"}],"wp:attachment":[{"href":"https:\/\/voser.com.br\/index.php\/wp-json\/wp\/v2\/media?parent=295"}],"curies":[{"name":"wp","href":"https:\/\/api.w.org\/{rel}","templated":true}]}}